{"id":55,"date":"2023-11-10T13:52:36","date_gmt":"2023-11-10T12:52:36","guid":{"rendered":"https:\/\/polana-orzesze.mikolow.zhp.pl\/?page_id=55"},"modified":"2025-03-26T15:29:24","modified_gmt":"2025-03-26T14:29:24","slug":"o-nas-2","status":"publish","type":"page","link":"https:\/\/polana-orzesze.mikolow.zhp.pl\/index.php\/o-nas-2\/","title":{"rendered":"O NAS"},"content":{"rendered":"\n<p>Jeste\u015bmy 2 Szczepem Harcerskim &#8222;Polana&#8221; Hufca ZHP Ziemi Miko\u0142owskiej, Chor\u0105gwi \u015al\u0105skiej. Dzia\u0142amy na terenie Orzesza i Ornontowic.<\/p>\n\n\n\n<p>Zrzeszamy dru\u017cyny:<\/p>\n\n\n\n<ul class=\"wp-block-list\">\n<li>15 gromada Zuchowa &#8222;Obro\u0144cy Smerfnych Tajemnic&#8221; (zbi\u00f3rki w \u015brody w godz. 17.30 &#8211; 19.15) <\/li>\n\n\n\n<li>18 Gromada Zuchowa &#8222;Le\u015bne Skrzaty&#8221; (zbi\u00f3rk w poniedzia\u0142ki w godz. 17.30 &#8211; 19.15)<\/li>\n\n\n\n<li>5 Dru\u017cyna Harcerska &#8221; Zahir&#8221; (zbi\u00f3rki w \u015brody godz. 18.00 &#8211; 20.00)<\/li>\n\n\n\n<li>16 Dru\u017cyna Harcerska &#8222;P\u0142omyki&#8221;  (zbi\u00f3rki w czwartki w godz. 17.0 &#8211; 19.00)<\/li>\n\n\n\n<li>3 Dru\u017cyna Starszoharcerska &#8222;\u015awierszcze&#8221; (zbi\u00f3rki w soboty w godz. 9.00- 11.00)<\/li>\n\n\n\n<li>Patrol W\u0119drowniczy &#8222;Potem&#8221; (zbi\u00f3rki odbywaj\u0105 si\u0119 w dwa pi\u0105tki miesi\u0105ca wybrane przez cz\u0142onk\u00f3w patrolu)<\/li>\n<\/ul>\n\n\n\n<p>Zbi\u00f3rki odbywaj\u0105 si\u0119 w Orzeskim Centrum Mo\u017cliwo\u015bci (ul. \u015aw. Wawrzy\u0144ca 13, 43-180 Orzesze)<\/p>\n","protected":false},"excerpt":{"rendered":"<p>Jeste\u015bmy 2 Szczepem Harcerskim &#8222;Polana&#8221; Hufca ZHP Ziemi Miko\u0142owskiej, Chor\u0105gwi \u015al\u0105skiej. Dzia\u0142amy na terenie Orzesza i Ornontowic. Zrzeszamy dru\u017cyny: Zbi\u00f3rki odbywaj\u0105 si\u0119 w Orzeskim Centrum Mo\u017cliwo\u015bci (ul. \u015aw. Wawrzy\u0144ca 13, [&#8230;]<\/p>\n","protected":false},"author":1,"featured_media":0,"parent":0,"menu_order":0,"comment_status":"closed","ping_status":"closed","template":"","meta":{"footnotes":""},"class_list":["post-55","page","type-page","status-publish","hentry"],"_links":{"self":[{"href":"https:\/\/polana-orzesze.mikolow.zhp.pl\/index.php\/wp-json\/wp\/v2\/pages\/55","targetHints":{"allow":["GET"]}}],"collection":[{"href":"https:\/\/polana-orzesze.mikolow.zhp.pl\/index.php\/wp-json\/wp\/v2\/pages"}],"about":[{"href":"https:\/\/polana-orzesze.mikolow.zhp.pl\/index.php\/wp-json\/wp\/v2\/types\/page"}],"author":[{"embeddable":true,"href":"https:\/\/polana-orzesze.mikolow.zhp.pl\/index.php\/wp-json\/wp\/v2\/users\/1"}],"replies":[{"embeddable":true,"href":"https:\/\/polana-orzesze.mikolow.zhp.pl\/index.php\/wp-json\/wp\/v2\/comments?post=55"}],"version-history":[{"count":4,"href":"https:\/\/polana-orzesze.mikolow.zhp.pl\/index.php\/wp-json\/wp\/v2\/pages\/55\/revisions"}],"predecessor-version":[{"id":202,"href":"https:\/\/polana-orzesze.mikolow.zhp.pl\/index.php\/wp-json\/wp\/v2\/pages\/55\/revisions\/202"}],"wp:attachment":[{"href":"https:\/\/polana-orzesze.mikolow.zhp.pl\/index.php\/wp-json\/wp\/v2\/media?parent=55"}],"curies":[{"name":"wp","href":"https:\/\/api.w.org\/{rel}","templated":true}]}}