{"id":186,"date":"2025-03-24T17:13:14","date_gmt":"2025-03-24T16:13:14","guid":{"rendered":"https:\/\/polana-orzesze.mikolow.zhp.pl\/?page_id=186"},"modified":"2025-03-26T15:16:51","modified_gmt":"2025-03-26T14:16:51","slug":"186-2","status":"publish","type":"page","link":"https:\/\/polana-orzesze.mikolow.zhp.pl\/index.php\/186-2\/","title":{"rendered":"S\u0142owniczek"},"content":{"rendered":"\n<h2 class=\"wp-block-heading has-text-align-center\">S\u0142owniczek harcerski<\/h2>\n\n\n\n<p>Wiele harcerskich wyra\u017ce\u0144 mo\u017ce by\u0107 niezrozumia\u0142ych dla osoby, nie obracaj\u0105cej si\u0119 na co dzie\u0144 w tym \u015brodowisku. Dlatego poni\u017cej przedstawiamy zestaw poj\u0119\u0107 stosowanych w&nbsp;harcerskim \u017cyciu wraz&nbsp;z&nbsp;ich wyt\u0142umaczeniami. Mamy nadziej\u0119, \u017ce nasz s\u0142ownik pomo\u017ce rodzicom, jak i nowym harcerzom lepiej zrozumie\u0107 harcerski \u015bwiat.<\/p>\n\n\n\n<hr class=\"wp-block-separator has-alpha-channel-opacity\"\/>\n\n\n\n<details class=\"wp-block-details is-layout-flow wp-block-details-is-layout-flow\"><summary>A<\/summary>\n<p><strong>Alarm<\/strong>&nbsp;\u2013 sygna\u0142 lub rozkaz wzywaj\u0105cy do szybkiego stawienia si\u0119 w wyznaczonym miejscu; mo\u017ce by\u0107 przeciwpo\u017carowy, mundurowy, ewakuacyjny etc.<\/p>\n\n\n\n<p><strong>Apel&nbsp;<\/strong>\u2013 oficjalne rozpocz\u0119cie i zako\u0144czenie dnia obozowego, czasami, w szczeg\u00f3lnych przypadkach, odbywany jest tak\u017ce w innych porach dnia; ma charakter uroczysty, harcerze s\u0105 w mundurach<\/p>\n<\/details>\n\n\n\n<div style=\"height:10px\" aria-hidden=\"true\" class=\"wp-block-spacer\"><\/div>\n\n\n\n<details class=\"wp-block-details is-layout-flow wp-block-details-is-layout-flow\"><summary>B<\/summary>\n<p><strong>Baza obozowa<\/strong>&nbsp;\u2013 inaczej stanica, to miejsce, gdzie organizowane s\u0105 obozy harcerskie i kolonie zuchowe<\/p>\n\n\n\n<p><strong>Biwak<\/strong>&nbsp;\u2013&nbsp;kr\u00f3tki, zwykle 2-3 dniowy wyjazd harcerski<\/p>\n<\/details>\n\n\n\n<div style=\"height:10px\" aria-hidden=\"true\" class=\"wp-block-spacer\"><\/div>\n\n\n\n<details class=\"wp-block-details is-layout-flow wp-block-details-is-layout-flow\"><summary>C<\/summary>\n<p><strong>Chor\u0105giew<\/strong>&nbsp;\u2013&nbsp;jednostka organizacyjna ZHP, kt\u00f3ra obejmuje hufce na terenie jednego wojew\u00f3dztwa (wyj\u0105tek: Chor\u0105giew Sto\u0142eczna ZHP, kt\u00f3ra dzia\u0142a w granicach dawnego wojew\u00f3dztwa sto\u0142ecznego, oraz inne, pojedyncze przypadki niewielkich zmian terytorialnych)<\/p>\n\n\n\n<p><strong>Chusta<\/strong>&nbsp;\u2013&nbsp;element umundurowania noszony na szyi, pod ko\u0142nierzem. Zawini\u0119ta chusta zazwyczaj jest spi\u0119ta pier\u015bcieniem<\/p>\n\n\n\n<p><strong>Czuj!<\/strong>&nbsp;\u2013&nbsp;tradycyjne pozdrowienie zuch\u00f3w<\/p>\n\n\n\n<p><strong>Czuwaj!<\/strong>&nbsp;\u2013 tradycyjne pozdrowienie harcerskie (z ang. Be prepared!)<\/p>\n<\/details>\n\n\n\n<div style=\"height:10px\" aria-hidden=\"true\" class=\"wp-block-spacer\"><\/div>\n\n\n\n<details class=\"wp-block-details is-layout-flow wp-block-details-is-layout-flow\"><summary>D<\/summary>\n<p><strong>Druh\/druhna<\/strong>&nbsp;\u2013&nbsp;zwyczajowe okre\u015blenie harcerza czy instruktora, stosowane przy zwracaniu si\u0119 do siebie (np. druhu Piotrze) lub m\u00f3wieniu o innym harcerzu lub instruktorze (np. druhna Ewa\u2026)<\/p>\n\n\n\n<p><strong>Dru\u017cyna<\/strong>&nbsp;\u2013&nbsp;podstawowa jednostka organizacyjna w ZHP, sk\u0142ada si\u0119 z kilku zast\u0119p\u00f3w, liczy \u015brednio 15-25 harcerzy. Na czele dru\u017cyny stoi dru\u017cynowy. Dru\u017cyn\u0119, w sk\u0142ad kt\u00f3rej wchodz\u0105 zuchy, nazywamy gromad\u0105 zuchow\u0105<\/p>\n\n\n\n<p><strong>Dru\u017cynowy\/dru\u017cynowa<\/strong>&nbsp;\u2013&nbsp;instruktor harcerski kieruj\u0105cy dru\u017cyn\u0105 lub gromad\u0105, kt\u00f3ry ma wiedz\u0119 i umiej\u0119tno\u015bci potrzebne do wychowania oraz opieki nad dzie\u0107mi i m\u0142odzie\u017c\u0105<\/p>\n\n\n\n<p><strong>Dzie\u0144 My\u015bli Braterskiej (World Thinking Day)<\/strong>&nbsp;\u2013&nbsp;\u015bwi\u0119to przyja\u017ani obchodzone w dniu 22 lutego ka\u017cdego roku przez harcerzy i skaut\u00f3w na ca\u0142ym \u015bwiecie; upami\u0119tnia dat\u0119 urodzin&nbsp;za\u0142o\u017cyciela skautingu, sir Roberta Baden-Powella i jego \u017cony Olave Baden-Powell<\/p>\n\n\n\n<p><strong>Dziesi\u0105tka (dycha)<\/strong>&nbsp;\u2013&nbsp;potoczne okre\u015blenie namiotu o podstawie 4\u00d75 m i wysoko\u015bci 2m, zasadniczo przeznaczonego dla 10 os\u00f3b, powszechnie u\u017cywanego na obozach harcerskich, cho\u0107 zwykle \u015bpi w nim na obozie 5\u20137 os\u00f3b<\/p>\n<\/details>\n\n\n\n<div style=\"height:10px\" aria-hidden=\"true\" class=\"wp-block-spacer\"><\/div>\n\n\n\n<details class=\"wp-block-details is-layout-flow wp-block-details-is-layout-flow\"><summary>G<\/summary>\n<p><strong>Gromada<\/strong>&nbsp;\u2013 podstawowa jednostka organizacyjna w ZHP skupiaj\u0105ca zuchy&nbsp;<\/p>\n\n\n\n<p><strong>Gwiazdki zuchowe<\/strong>&nbsp;\u2013 okre\u015blenie stopnia zucha; s\u0105 trzy gwiazdki: zuch ochoczy, sprawny i gospodarny, zdobywa si\u0119 je po kolei, realizuj\u0105c zadania ustalone z dru\u017cynowym<\/p>\n\n\n\n<p><strong>G\u0142\u00f3wna Kwatera<\/strong>&nbsp;\u2013&nbsp;zarz\u0105d ZHP, liczy 7 os\u00f3b, dzia\u0142a pod kierunkiem Naczelnika ZHP, koordynuje dzia\u0142ania organizacji; potocznie okre\u015blenie siedziby w\u0142adz naczelnych ZHP w Warszawie przy ul. Konopnickiej 6<\/p>\n<\/details>\n\n\n\n<div style=\"height:10px\" aria-hidden=\"true\" class=\"wp-block-spacer\"><\/div>\n\n\n\n<details class=\"wp-block-details is-layout-flow wp-block-details-is-layout-flow\"><summary>H<\/summary>\n<p><strong>Harcerska Akcja Letnia<\/strong>&nbsp;\u2013 stanowi zwie\u0144czenie i podsumowanie roku harcerskiego; w ramach HAL odbywa si\u0119 zwykle kolonia zuchowa oraz ob\u00f3z harcerski<\/p>\n\n\n\n<p><strong>Harcerze<\/strong>&nbsp;\u2013 cz\u0142onkowie ZHP w wieku 10-13 lat<\/p>\n\n\n\n<p><strong>Harcerze starsi<\/strong>&nbsp;\u2013 cz\u0142onkowie ZHP w wieku 13-16 lat<\/p>\n\n\n\n<p><strong>Harc\u00f3wka<\/strong>&nbsp;\u2013 pomieszczenie, w kt\u00f3rym odbywaj\u0105 si\u0119 zbi\u00f3rki harcerskie<\/p>\n\n\n\n<p><strong>Hufiec<\/strong>&nbsp;\u2013&nbsp;terytorialna wsp\u00f3lnota gromad, dru\u017cyn, kr\u0119g\u00f3w i innych podstawowych jednostek organizacyjnych oraz\/lub zwi\u0105zk\u00f3w dru\u017cyn i szczep\u00f3w; obejmuje na og\u00f3\u0142 obszar powiatu, a w du\u017cych miastach \u2013 jednej lub kilku dzielnic<\/p>\n<\/details>\n\n\n\n<div style=\"height:10px\" aria-hidden=\"true\" class=\"wp-block-spacer\"><\/div>\n\n\n\n<details class=\"wp-block-details is-layout-flow wp-block-details-is-layout-flow\"><summary>I<\/summary>\n<p><strong>Instruktor\/Instruktorka<\/strong>&nbsp;\u2013 cz\u0142onek ZHP w wieku min. 16 lat, kt\u00f3ry ma wiedz\u0119 i umiej\u0119tno\u015bci potrzebne do wychowania i opieki nad dzie\u0107mi i m\u0142odzie\u017c\u0105; instruktorem ZHP zostaje si\u0119 po zrealizowaniu pr\u00f3by instruktorskiej i z\u0142o\u017ceniu Zobowi\u0105zania Instruktorskiego<\/p>\n\n\n\n<p><strong>Iskierka<\/strong>&nbsp;\u2013 zwyczaj harcerski stosowany w harcerskim kr\u0119gu, polega on na u\u015bci\u015bni\u0119ciu d\u0142oni stoj\u0105cej w kr\u0119gu obok osoby, a\u017c \u201eiskra\u201d zatoczy ko\u0142o<\/p>\n<\/details>\n\n\n\n<div style=\"height:10px\" aria-hidden=\"true\" class=\"wp-block-spacer\"><\/div>\n\n\n\n<details class=\"wp-block-details is-layout-flow wp-block-details-is-layout-flow\"><summary>J<\/summary>\n<p><strong>Jamboree<\/strong>&nbsp;\u2013 spotkanie skaut\u00f3w (harcerzy) z ca\u0142ego \u015bwiata w jednym miejscu, odbywa si\u0119 co 4 lata<\/p>\n\n\n\n<p><\/p>\n<\/details>\n\n\n\n<details class=\"wp-block-details is-layout-flow wp-block-details-is-layout-flow\"><summary>K<\/summary>\n<p><strong>Kanadyjka<\/strong>&nbsp;\u2013 sk\u0142adane \u0142\u00f3\u017cko polowe z p\u0142\u00f3tna rozci\u0105gni\u0119tego na drewnianym stela\u017cu<\/p>\n\n\n\n<p><strong>Kolonia zuchowa<\/strong>&nbsp;\u2013 d\u0142u\u017cszy wyjazd wakacyjny zuch\u00f3w, tradycyjnie pod namioty, kt\u00f3ry jest podsumowaniem rocznej pracy gromady<\/p>\n\n\n\n<p><strong>Komenda Hufca<\/strong>&nbsp;\u2013 zarz\u0105d hufca, wybierany przez zjazd hufca na czteroletni\u0105 kadencj\u0119; zadaniem Komendy Hufca jest nadz\u00f3r i koordynacja, ocena dzia\u0142alno\u015bci, a tak\u017ce pomoc przy prowadzeniu gromad, dru\u017cyn i innych jednostek hufca<\/p>\n\n\n\n<p><strong>Komendant Hufca<\/strong>&nbsp;\u2013 instruktor kieruj\u0105cy zarz\u0105dem hufca, wybierany przez zjazd hufca na czteroletni\u0105 kadencj\u0119, kieruje prac\u0105 komendy hufca, bie\u017c\u0105c\u0105 dzia\u0142alno\u015bci\u0105 hufca, reprezentuje hufiec, wydaje rozkazy, prowadzi gospodark\u0119 finansow\u0105 hufca<\/p>\n\n\n\n<p><strong>Kominek<\/strong>&nbsp;\u2013 forma podobna do ogniska, ale odbywaj\u0105ca si\u0119 w pomieszczeniu zamkni\u0119tym, przy \u015bwiecach<\/p>\n\n\n\n<p><strong>Komisja Stopni Instruktorskich<\/strong>&nbsp;\u2013 zesp\u00f3\u0142 instruktor\u00f3w, kt\u00f3rzy zajmuj\u0105 si\u0119 zatwierdzaniem program\u00f3w pr\u00f3b na stopnie instruktorskie, monitorowaniem przebiegu pr\u00f3b oraz ich ocen\u0105 po zrealizowaniu wszystkich przewidzianych w pr\u00f3bie zada\u0144<\/p>\n\n\n\n<p><strong>Kr\u0105g<\/strong>&nbsp;\u2013 (np. przyja\u017ani) obrz\u0119d ko\u0144cz\u0105cy harcerskie spotkanie, kt\u00f3remu towarzyszy obrz\u0119dowa pie\u015b\u0144<\/p>\n\n\n\n<p><strong>Krzy\u017c Harcerski<\/strong>&nbsp;\u2013 odznaka harcerska nadawana w czasie Przyrzeczenia Harcerskiego,&nbsp;ma kszta\u0142t krzy\u017ca r\u00f3wnoramiennego z lilijk\u0105 w \u015brodku i wie\u0144cem z li\u015bci d\u0119bowych i laurowych, wplecionym w ramiona, oraz napisem \u201eCZUWAJ\u201d<\/p>\n\n\n\n<p><strong>Kurs dru\u017cynowych<\/strong>&nbsp;\u2013 kurs przygotowuj\u0105cy do pe\u0142nienia roli dru\u017cynowego gromady lub dru\u017cyny<\/p>\n\n\n\n<p><strong>Kurs przewodnikowski<\/strong>&nbsp;\u2013 kurs wychowawc\u00f3w harcerskich, przeznaczony jest dla harcerzy w wieku 16+, celem kursu jest przygotowanie cz\u0142onka ZHP do bycia instruktorem ZHP<\/p>\n\n\n\n<p><strong>Kwaterka<\/strong>&nbsp;\u2013 grupa wykonuj\u0105ca podstawowe prace logistyczne na kilka dni przed rozpocz\u0119ciem obozu harcerskiego<\/p>\n\n\n\n<p><strong>Kwatermistrz<\/strong>&nbsp;\u2013 do\u015bwiadczony harcerz b\u0105d\u017a instruktor zajmuj\u0105cy si\u0119 sprawami gospodarczymi, sprz\u0119towymi w danej jednostce harcerskiej lub na obozie<\/p>\n<\/details>\n\n\n\n<details class=\"wp-block-details is-layout-flow wp-block-details-is-layout-flow\"><summary>L<\/summary>\n<p><strong>Lilijka<\/strong>&nbsp;\u2013 tradycyjny, og\u00f3lno\u015bwiatowy symbol skautingu; zosta\u0142a zaczerpni\u0119ta z kartografii i dawnych kompas\u00f3w, gdzie jako element tzw. r\u00f3\u017cy wiatr\u00f3w oznacza\u0142a kierunek p\u00f3\u0142nocny<\/p>\n<\/details>\n\n\n\n<details class=\"wp-block-details is-layout-flow wp-block-details-is-layout-flow\"><summary>M<\/summary>\n<p><strong>Mena\u017cka<\/strong>&nbsp;\u2013 naczynie polowe, s\u0142u\u017c\u0105ce jako talerz, miska, patelnia lub kocio\u0142ek, wykonana z metalu lub specjalnego tworzywa<\/p>\n\n\n\n<p><strong>Mundur harcerski<\/strong>&nbsp;\u2013 ubi\u00f3r noszony przez harcerzy<\/p>\n<\/details>\n\n\n\n<details class=\"wp-block-details is-layout-flow wp-block-details-is-layout-flow\"><summary>N<\/summary>\n<p><strong>Naramiennik w\u0119drowniczy<\/strong>&nbsp;\u2013 element umundurowania, oznaka przynale\u017cno\u015bci w\u0119drownika do grupy w\u0119drowniczej&nbsp;<\/p>\n\n\n\n<p><strong>Nieprzetarty Szlak<\/strong>&nbsp;\u2013 ruch w ZHP pracuj\u0105cy z dzie\u0107mi niepe\u0142nosprawnymi fizycznie lub umys\u0142owo<\/p>\n<\/details>\n\n\n\n<details class=\"wp-block-details is-layout-flow wp-block-details-is-layout-flow\"><summary>O<\/summary>\n<p><strong>Obietnica Zucha<\/strong>&nbsp;\u2013&nbsp;dobrowolnie z\u0142o\u017cone przez zucha o\u015bwiadczenie o zobowi\u0105zaniu si\u0119 do przestrzegania Prawa Zucha<\/p>\n\n\n\n<p><strong>Ob\u00f3z harcerski<\/strong>&nbsp;\u2013 d\u0142u\u017cszy, cz\u0119sto kilkutygodniowy wyjazd wakacyjny harcerzy, tradycyjnie pod namioty, kt\u00f3ry jest podsumowaniem rocznej pracy dru\u017cyny<\/p>\n\n\n\n<p><strong>Obrz\u0119dowo\u015b\u0107<\/strong>&nbsp;\u2013 przyj\u0119ta na okre\u015blony czas (np. na okres obozu harcerskiego) konwencja zabawy, pomagaj\u0105ca w realizacji za\u0142o\u017conych cel\u00f3w wychowawczych<\/p>\n<\/details>\n\n\n\n<details class=\"wp-block-details is-layout-flow wp-block-details-is-layout-flow\"><summary>P<\/summary>\n<p><strong>Podob\u00f3z<\/strong>&nbsp;\u2013 ob\u00f3z konkretnej jednostki harcerskiej lub kilku jednostek z danego pionu wiekowego, uczestnicz\u0105cy w zgrupowaniu wielu jednostek, np. obozie ca\u0142ego hufca<\/p>\n\n\n\n<p><strong>Przyboczny\/Przyboczna<\/strong>&nbsp;\u2013 starszy harcerz lub instruktor ZHP pomagaj\u0105cy dru\u017cynowemu w prowadzeniu gromady zuchowej lub dru\u017cyny harcerskiej<\/p>\n\n\n\n<p><strong>Prawo Harcerskie<\/strong>&nbsp;\u2013 zbi\u00f3r najwa\u017cniejszych zasad obowi\u0105zuj\u0105cych wszystkich cz\u0142onk\u00f3w ZHP z wyj\u0105tkiem zuch\u00f3w (ich obowi\u0105zuje Prawo Zucha)<\/p>\n\n\n\n<p><strong>Prawo Zucha<\/strong>&nbsp;\u2013 zbi\u00f3r najwa\u017cniejszych zasad obowi\u0105zuj\u0105cych wszystkie zuchy<\/p>\n\n\n\n<p><strong>Przyrzeczenie Harcerskie<\/strong>&nbsp;\u2013 uroczysta deklaracja sk\u0142adana podczas otrzymywania krzy\u017ca harcerskiego, stanowi opis podstawowych zasad obowi\u0105zuj\u0105cych w harcerstwie: s\u0142u\u017cby, samodoskonalenia oraz braterstwa<\/p>\n<\/details>\n\n\n\n<details class=\"wp-block-details is-layout-flow wp-block-details-is-layout-flow\"><summary>R<\/summary>\n<p><strong>Rajd<\/strong>&nbsp;\u2013 jedno lub kilkudniowa wycieczka harcerska polegaj\u0105ca na w\u0119dr\u00f3wce po\u0142\u0105czonej ze zwiedzaniem i wykonywaniem r\u00f3\u017cnych zada\u0144<\/p>\n\n\n\n<p><strong>Rozkaz<\/strong>&nbsp;\u2013 pisemny dokument, kt\u00f3ry zawiera zapis podj\u0119tych przez dru\u017cynowego, komendanta lub Naczelnika ZHP decyzji, kt\u00f3re wszyscy cz\u0142onkowie danej jednostki czy ca\u0142ej organizacji musz\u0105 przyj\u0105\u0107 do wiadomo\u015bci; w rozkazie zapisuje si\u0119 wi\u0119c na przyk\u0142ad: przyznane sprawno\u015bci, mianowania na funkcje, pochwa\u0142y, nagany i tym podobne<\/p>\n<\/details>\n\n\n\n<details class=\"wp-block-details is-layout-flow wp-block-details-is-layout-flow\"><summary>S<\/summary>\n<p><strong>k\u0142adnica harcerska<\/strong>&nbsp;\u2013 sklep z umundurowaniem i wyposa\u017ceniem harcerskim<\/p>\n\n\n\n<p><strong>Sprawno\u015b\u0107 harcerska<\/strong>&nbsp;\u2013 zdobyta i udowodniona dzia\u0142aniem umiej\u0119tno\u015b\u0107, kt\u00f3r\u0105 zdobywa harcer; zdobyte sprawno\u015bci oznacza si\u0119 kolorowymi okr\u0105g\u0142ymi emblematami na prawym r\u0119kawie munduru<\/p>\n\n\n\n<p><strong>Sprawno\u015b\u0107 zuchowa<\/strong>&nbsp;\u2013 zdobyta przez zucha (indywidualnie lub ca\u0142\u0105 gromad\u0105) i udowodniona dzia\u0142aniem umiej\u0119tno\u015b\u0107, wiedza, kt\u00f3r\u0105 zdoby\u0142 zuch; zdobyte sprawno\u015bci zuchowe oznacza si\u0119 kolorowymi tr\u00f3jk\u0105tnymi emblematami na prawym r\u0119kawie munduru zucha<\/p>\n\n\n\n<p><strong>Stopie\u0144 harcerski<\/strong>&nbsp;\u2013 okre\u015blenie poziomu wiedzy, umiej\u0119tno\u015bci i wyrobienia harcerskiego harcerzy; stopnie zdobywa si\u0119 realizuj\u0105c zadania okre\u015blone w programie pr\u00f3by na stopie\u0144, dostosowane indywidualnie do potrzeb i wieku harcerza<\/p>\n\n\n\n<p><strong>Stopie\u0144 instruktorski<\/strong>&nbsp;\u2013 okre\u015blenie poziomu wiedzy, dojrza\u0142o\u015bci spo\u0142ecznej i umiej\u0119tno\u015bci wychowawczych instruktora harcerskiego; w ZHP istniej\u0105 trzy stopnie instruktorskie (przewodnik, podharcmistrz, harcmistrz)<\/p>\n\n\n\n<p><strong>Szczep<\/strong>&nbsp;\u2013 jednostka harcerska, zrzeszaj\u0105ca gromady i dru\u017cyny harcerskie dzia\u0142aj\u0105ce w tym samym terenie np. w jednej szkole, jej celem jest zapewnienie ci\u0105gu wychowawczego (mo\u017cliwo\u015b\u0107 przechodzenia do kolejnych dru\u017cyn wraz z osi\u0105gni\u0119ciem odpowiedniego wieku)<\/p>\n\n\n\n<p><strong>Sznur funkcyjny<\/strong>&nbsp;\u2013 element umundurowania, oznaczaj\u0105cy pe\u0142nion\u0105 funkcj\u0119 (kolorem oraz sposobem noszenia)<\/p>\n\n\n\n<p><strong>Sz\u00f3stka<\/strong>&nbsp;\u2013 odpowiednik zast\u0119pu w gromadach zuchowych, tj. grupa zwykle ok. 6 zuch\u00f3w, wykonuj\u0105ca razem zadania podczas zbi\u00f3rki zuchowej<\/p>\n<\/details>\n\n\n\n<details class=\"wp-block-details is-layout-flow wp-block-details-is-layout-flow\"><summary>W<\/summary>\n<p><strong>Warta<\/strong>&nbsp;\u2013 s\u0142u\u017cba pe\u0142niona zwykle na obozie przez harcerzy, kt\u00f3rej celem jest pilnowanie terenu obozu<\/p>\n\n\n\n<p><strong>W\u0119drownicy<\/strong>&nbsp;\u2013 cz\u0142onkowie ZHP w wieku 15-21 lat<\/p>\n<\/details>\n\n\n\n<details class=\"wp-block-details is-layout-flow wp-block-details-is-layout-flow\"><summary>Z<\/summary>\n<p><strong>Zast\u0119p<\/strong>&nbsp;\u2013 licz\u0105ca zwykle ok. 6 os\u00f3b grupa harcerzy, wykonuj\u0105ca razem zadania podczas zbi\u00f3rki<\/p>\n\n\n\n<p><strong>Zbi\u00f3rka<\/strong>&nbsp;\u2013 cykliczne, tematyczne spotkanie okre\u015blonej grupy cz\u0142onk\u00f3w ZHP, np. zbi\u00f3rka dru\u017cyny harcerskiej, zbi\u00f3rka gromady zuchowej<\/p>\n\n\n\n<p><strong>Zimowisko<\/strong>&nbsp;\u2013 d\u0142u\u017cszy (zwykle 1-2 tygodniowy), zimowy wyjazd harcerski, najcz\u0119\u015bciej w ferie<\/p>\n\n\n\n<p><strong>Zlot<\/strong>&nbsp;\u2013 kilkudniowa impreza harcerska, zwykle plenerowa<\/p>\n\n\n\n<p><strong>Znaczek zucha<\/strong>&nbsp;\u2013 odznaka nosz\u0105 przez zuchy nad lew\u0105 kieszeni\u0105 munduru, po z\u0142o\u017ceniu Obietnicy Zucha,&nbsp;przedstawiaj\u0105ca g\u0142\u00f3wk\u0119 bia\u0142ego or\u0142a i \u017c\u00f3\u0142t\u0105 tarcz\u0119 wschodz\u0105cego s\u0142o\u0144ca na niebieskim tle; podstaw\u0105 odznaki jest czerwony prostok\u0105t z&nbsp;napisem \u201eZUCH\u201d<\/p>\n\n\n\n<p><strong>Zuchy<\/strong>&nbsp;\u2013 cz\u0142onkowie ZHP w wieku 6-10 lat<\/p>\n\n\n\n<p><strong>Zjazd hufca<\/strong>&nbsp;\u2013 jest zwo\u0142ywany co 4 lata, bierze w nim udzia\u0142 kadra hufca kt\u00f3ra decyduje o najwa\u017cniejszych sprawach hufca, wybiera komendanda hufca i pozosta\u0142ych cz\u0142onk\u00f3w komendy hufca,&nbsp;rozpatruje i zatwierdza sprawozdania wszystkich w\u0142adz hufca<\/p>\n<\/details>\n\n\n\n<p><\/p>\n","protected":false},"excerpt":{"rendered":"<p>S\u0142owniczek harcerski Wiele harcerskich wyra\u017ce\u0144 mo\u017ce by\u0107 niezrozumia\u0142ych dla osoby, nie obracaj\u0105cej si\u0119 na co dzie\u0144 w tym \u015brodowisku. Dlatego poni\u017cej przedstawiamy zestaw poj\u0119\u0107 stosowanych w&nbsp;harcerskim \u017cyciu wraz&nbsp;z&nbsp;ich wyt\u0142umaczeniami. Mamy [&#8230;]<\/p>\n","protected":false},"author":8,"featured_media":0,"parent":0,"menu_order":0,"comment_status":"closed","ping_status":"closed","template":"","meta":{"footnotes":""},"class_list":["post-186","page","type-page","status-publish","hentry"],"_links":{"self":[{"href":"https:\/\/polana-orzesze.mikolow.zhp.pl\/index.php\/wp-json\/wp\/v2\/pages\/186","targetHints":{"allow":["GET"]}}],"collection":[{"href":"https:\/\/polana-orzesze.mikolow.zhp.pl\/index.php\/wp-json\/wp\/v2\/pages"}],"about":[{"href":"https:\/\/polana-orzesze.mikolow.zhp.pl\/index.php\/wp-json\/wp\/v2\/types\/page"}],"author":[{"embeddable":true,"href":"https:\/\/polana-orzesze.mikolow.zhp.pl\/index.php\/wp-json\/wp\/v2\/users\/8"}],"replies":[{"embeddable":true,"href":"https:\/\/polana-orzesze.mikolow.zhp.pl\/index.php\/wp-json\/wp\/v2\/comments?post=186"}],"version-history":[{"count":10,"href":"https:\/\/polana-orzesze.mikolow.zhp.pl\/index.php\/wp-json\/wp\/v2\/pages\/186\/revisions"}],"predecessor-version":[{"id":199,"href":"https:\/\/polana-orzesze.mikolow.zhp.pl\/index.php\/wp-json\/wp\/v2\/pages\/186\/revisions\/199"}],"wp:attachment":[{"href":"https:\/\/polana-orzesze.mikolow.zhp.pl\/index.php\/wp-json\/wp\/v2\/media?parent=186"}],"curies":[{"name":"wp","href":"https:\/\/api.w.org\/{rel}","templated":true}]}}