{"id":176,"date":"2025-03-23T11:17:04","date_gmt":"2025-03-23T10:17:04","guid":{"rendered":"https:\/\/polana-orzesze.mikolow.zhp.pl\/?page_id=176"},"modified":"2025-03-23T11:17:04","modified_gmt":"2025-03-23T10:17:04","slug":"umundurowanie","status":"publish","type":"page","link":"https:\/\/polana-orzesze.mikolow.zhp.pl\/index.php\/umundurowanie\/","title":{"rendered":"Umundurowanie"},"content":{"rendered":"\n<h3 class=\"wp-block-heading\">Mundury<\/h3>\n\n\n\n<p>Nosz\u0105c mundur harcerski, cz\u0142onek ZHP identyfikuje si\u0119 z organizacj\u0105, do kt\u00f3rej przynale\u017cy. Reprezentuj\u0105c swoj\u0105 dru\u017cyn\u0119, buduje wizerunek ca\u0142ego harcerstwa, dlatego tak wa\u017cne jest, aby mundur by\u0142 jak najszybciej w pe\u0142ni i dobrze skompletowany. Umundurowania nale\u017cy szuka\u0107 na stronach takich jak\u00a0<a href=\"https:\/\/www.wgl.pl\/category\/skladnica-harcerska-umundurowanie-mundur-harcerski\" target=\"_blank\" rel=\"noreferrer noopener\">https:\/\/www.wgl.pl\/category\/skladnica-harcerska-umundurowanie-mundur-harcerski<\/a>. Tam znajduj\u0105 si\u0119 aktualne ceny.<\/p>\n\n\n\n<p>Podstawowe umundurowanie to:<\/p>\n\n\n\n<ul class=\"wp-block-list\">\n<li>Nakrycia g\u0142owy: fura\u017cerka\/ beret\/ rogatywka,<\/li>\n\n\n\n<li>Koszula mundurowa,<\/li>\n\n\n\n<li>Naramienniki,<\/li>\n\n\n\n<li>Pier\u015bcie\u0144,<\/li>\n\n\n\n<li>Sp\u00f3dnice\/spodnie: sp\u00f3dnica mundurowa, spodenki mundurowe damskie, spodenki mundurowe m\u0119skie,<\/li>\n\n\n\n<li>Pas parciany<\/li>\n\n\n\n<li>Getry<\/li>\n<\/ul>\n","protected":false},"excerpt":{"rendered":"<p>Mundury Nosz\u0105c mundur harcerski, cz\u0142onek ZHP identyfikuje si\u0119 z organizacj\u0105, do kt\u00f3rej przynale\u017cy. Reprezentuj\u0105c swoj\u0105 dru\u017cyn\u0119, buduje wizerunek ca\u0142ego harcerstwa, dlatego tak wa\u017cne jest, aby mundur by\u0142 jak najszybciej w [&#8230;]<\/p>\n","protected":false},"author":8,"featured_media":0,"parent":0,"menu_order":0,"comment_status":"closed","ping_status":"closed","template":"","meta":{"footnotes":""},"class_list":["post-176","page","type-page","status-publish","hentry"],"_links":{"self":[{"href":"https:\/\/polana-orzesze.mikolow.zhp.pl\/index.php\/wp-json\/wp\/v2\/pages\/176","targetHints":{"allow":["GET"]}}],"collection":[{"href":"https:\/\/polana-orzesze.mikolow.zhp.pl\/index.php\/wp-json\/wp\/v2\/pages"}],"about":[{"href":"https:\/\/polana-orzesze.mikolow.zhp.pl\/index.php\/wp-json\/wp\/v2\/types\/page"}],"author":[{"embeddable":true,"href":"https:\/\/polana-orzesze.mikolow.zhp.pl\/index.php\/wp-json\/wp\/v2\/users\/8"}],"replies":[{"embeddable":true,"href":"https:\/\/polana-orzesze.mikolow.zhp.pl\/index.php\/wp-json\/wp\/v2\/comments?post=176"}],"version-history":[{"count":1,"href":"https:\/\/polana-orzesze.mikolow.zhp.pl\/index.php\/wp-json\/wp\/v2\/pages\/176\/revisions"}],"predecessor-version":[{"id":177,"href":"https:\/\/polana-orzesze.mikolow.zhp.pl\/index.php\/wp-json\/wp\/v2\/pages\/176\/revisions\/177"}],"wp:attachment":[{"href":"https:\/\/polana-orzesze.mikolow.zhp.pl\/index.php\/wp-json\/wp\/v2\/media?parent=176"}],"curies":[{"name":"wp","href":"https:\/\/api.w.org\/{rel}","templated":true}]}}