{"id":167,"date":"2025-03-23T11:01:34","date_gmt":"2025-03-23T10:01:34","guid":{"rendered":"https:\/\/polana-orzesze.mikolow.zhp.pl\/?page_id=167"},"modified":"2025-03-23T11:14:21","modified_gmt":"2025-03-23T10:14:21","slug":"skladka-czlonkowska","status":"publish","type":"page","link":"https:\/\/polana-orzesze.mikolow.zhp.pl\/index.php\/skladka-czlonkowska\/","title":{"rendered":"Sk\u0142adka cz\u0142onkowska"},"content":{"rendered":"\n<h3 class=\"wp-block-heading\">Sk\u0142adki<\/h3>\n\n\n\n<p>Jednym z obowi\u0105zk\u00f3w cz\u0142onkowskich w Zwi\u0105zku Harcerstwa Polskiego jest op\u0142acanie sk\u0142adek cz\u0142onkowskich.<br>W ci\u0105gu roku sk\u0142adka cz\u0142onkowska dla Chor\u0105gwi \u015al\u0105skiej wynosi&nbsp;<strong>280 z\u0142<\/strong>.<br>Harcerze p\u0142ac\u0105&nbsp;<strong>sk\u0142adki kwartalnie (70 z\u0142)<\/strong>.<\/p>\n\n\n\n<p><strong>SK\u0141ADK\u0118 WP\u0141ACAMY NA KONTO: 34 1140 1010 0000 4577 3800 1001<\/strong><\/p>\n\n\n\n<p><strong>TYTU\u0141 WP\u0141ATY:&nbsp;<\/strong>Sk\u0142adka Cz\u0142onkowska, nazwisko i imi\u0119 cz\u0142onka, dru\u017cyna\/gromada do kt\u00f3rej nale\u017cy, okres za jaki jest wp\u0142acana sk\u0142adka (1kw\/2kw\/rok2025)&nbsp;<br>np. \u201eSC, Jan Kowalski, 1DH XYZ, 1 kwarta\u0142 2025\u201d<\/p>\n\n\n\n<ol class=\"wp-block-list\">\n<li>Cz\u0142onkowie ZHP op\u0142acaj\u0105 sk\u0142adk\u0119 zgodnie ze swoim przydzia\u0142em s\u0142u\u017cbowym w nast\u0119puj\u0105cych terminach:\n<ul class=\"wp-block-list\">\n<li>do 20 stycznia za I kwarta\u0142 (<strong>sk\u0142adki roczne nale\u017cy op\u0142aci\u0107 do tego dnia<\/strong>),<\/li>\n\n\n\n<li>do 20 kwietnia za II kwarta\u0142,<\/li>\n\n\n\n<li>do 20 lipca za III kwarta\u0142,<\/li>\n\n\n\n<li>do 20 pa\u017adziernika za IV kwarta\u0142.<\/li>\n<\/ul>\n<\/li>\n\n\n\n<li>Op\u0142acona sk\u0142adka\u00a0<strong>nie podlega zwrotowi<\/strong>\u00a0w przypadku ustania cz\u0142onkostwa w ZHP.<\/li>\n\n\n\n<li>Osoba, kt\u00f3ra uzyska\u0142a cz\u0142onkostwo w ZHP, zobowi\u0105zana jest do op\u0142acenia\u00a0<strong>pe\u0142nej<\/strong>\u00a0sk\u0142adki kwartalnej. Wpisanie jej do systemu ewidencji cz\u0142onk\u00f3w ZHP nast\u0119puje z chwil\u0105 op\u0142acenia pierwszej sk\u0142adki.<\/li>\n\n\n\n<li>Od 2025 roku z op\u0142acania sk\u0142adki cz\u0142onkowskiej zwolnieni s\u0105 instruktorzy\/instruktorki pe\u0142ni\u0105cy funkcj\u0119 dru\u017cynowej\/dru\u017cynowego.<\/li>\n<\/ol>\n\n\n\n<p class=\"has-text-align-center\">Nie p\u0142acimy miesi\u0119cznie<\/p>\n\n\n\n<p><\/p>\n\n\n\n<h3 class=\"wp-block-heading\">Jak finansuje si\u0119 harcerstwo?<\/h3>\n\n\n\n<ul class=\"wp-block-list\">\n<li>Poprzez 1,5% podatku dochodowego \u2013 ZHP jest organizacj\u0105 po\u017cytku publicznego;<\/li>\n\n\n\n<li>Poprzez akcje zarobkowe i\u00a0zbi\u00f3rki publiczne;<\/li>\n\n\n\n<li>Pozyskuj\u0105c sponsor\u00f3w;<\/li>\n\n\n\n<li>Bior\u0105c udzia\u0142 w\u00a0konkursach grantowych<\/li>\n<\/ul>\n","protected":false},"excerpt":{"rendered":"<p>Sk\u0142adki Jednym z obowi\u0105zk\u00f3w cz\u0142onkowskich w Zwi\u0105zku Harcerstwa Polskiego jest op\u0142acanie sk\u0142adek cz\u0142onkowskich.W ci\u0105gu roku sk\u0142adka cz\u0142onkowska dla Chor\u0105gwi \u015al\u0105skiej wynosi&nbsp;280 z\u0142.Harcerze p\u0142ac\u0105&nbsp;sk\u0142adki kwartalnie (70 z\u0142). SK\u0141ADK\u0118 WP\u0141ACAMY NA KONTO: [&#8230;]<\/p>\n","protected":false},"author":8,"featured_media":0,"parent":0,"menu_order":0,"comment_status":"closed","ping_status":"closed","template":"","meta":{"footnotes":""},"class_list":["post-167","page","type-page","status-publish","hentry"],"_links":{"self":[{"href":"https:\/\/polana-orzesze.mikolow.zhp.pl\/index.php\/wp-json\/wp\/v2\/pages\/167","targetHints":{"allow":["GET"]}}],"collection":[{"href":"https:\/\/polana-orzesze.mikolow.zhp.pl\/index.php\/wp-json\/wp\/v2\/pages"}],"about":[{"href":"https:\/\/polana-orzesze.mikolow.zhp.pl\/index.php\/wp-json\/wp\/v2\/types\/page"}],"author":[{"embeddable":true,"href":"https:\/\/polana-orzesze.mikolow.zhp.pl\/index.php\/wp-json\/wp\/v2\/users\/8"}],"replies":[{"embeddable":true,"href":"https:\/\/polana-orzesze.mikolow.zhp.pl\/index.php\/wp-json\/wp\/v2\/comments?post=167"}],"version-history":[{"count":5,"href":"https:\/\/polana-orzesze.mikolow.zhp.pl\/index.php\/wp-json\/wp\/v2\/pages\/167\/revisions"}],"predecessor-version":[{"id":175,"href":"https:\/\/polana-orzesze.mikolow.zhp.pl\/index.php\/wp-json\/wp\/v2\/pages\/167\/revisions\/175"}],"wp:attachment":[{"href":"https:\/\/polana-orzesze.mikolow.zhp.pl\/index.php\/wp-json\/wp\/v2\/media?parent=167"}],"curies":[{"name":"wp","href":"https:\/\/api.w.org\/{rel}","templated":true}]}}