{"id":14,"date":"2023-09-26T15:43:25","date_gmt":"2023-09-26T13:43:25","guid":{"rendered":"https:\/\/polana-orzesze.mikolow.zhp.pl\/?page_id=14"},"modified":"2025-03-23T10:45:21","modified_gmt":"2025-03-23T09:45:21","slug":"szczep","status":"publish","type":"page","link":"https:\/\/polana-orzesze.mikolow.zhp.pl\/index.php\/szczep\/","title":{"rendered":"Dru\u017cyny"},"content":{"rendered":"\n<h4 class=\"wp-block-heading\">Zuchy (6 &#8211; 10 lat)<\/h4>\n\n\n\n<p><\/p>\n\n\n\n<figure class=\"wp-block-image size-full is-resized\"><img loading=\"lazy\" decoding=\"async\" width=\"568\" height=\"568\" src=\"https:\/\/polana-orzesze.mikolow.zhp.pl\/wp-content\/uploads\/2025\/03\/Zuchy.png\" alt=\"\" class=\"wp-image-155\" style=\"width:150px\" srcset=\"https:\/\/polana-orzesze.mikolow.zhp.pl\/wp-content\/uploads\/2025\/03\/Zuchy.png 568w, https:\/\/polana-orzesze.mikolow.zhp.pl\/wp-content\/uploads\/2025\/03\/Zuchy-300x300.png 300w, https:\/\/polana-orzesze.mikolow.zhp.pl\/wp-content\/uploads\/2025\/03\/Zuchy-150x150.png 150w\" sizes=\"auto, (max-width: 568px) 100vw, 568px\" \/><\/figure>\n\n\n\n<p><\/p>\n\n\n\n<p><strong>15 Gromada Zuchowa \u201eObro\u0144cy Smerfnych Tajemnic\u201d<br><\/strong>z 2 Szczepu Harcerskiego \u201ePolana\u201d<strong><br><\/strong>dru\u017cynowa pwd. Agnieszka Tabacka<br><em>agnieszka.tabacka@zhp.net.pl<\/em><br>Miejsce zbi\u00f3rek: Orzeskie Centrum Mo\u017cliwo\u015bci<br>Wtorek 17:30-19:15<br>Facebook:&nbsp;<a href=\"https:\/\/www.facebook.com\/15GZObroncySmerfnychTajemnic\">15 Gromada Zuchowa \u201eObro\u0144cy Smerfnych Tajemnic\u201d<\/a><\/p>\n\n\n\n<p><strong>18 Gromada Zuchowa \u201eLe\u015bne Skrzaty\u201d<br><\/strong>z 2 Szczepu Harcerskiego \u201ePolana\u201d<strong><br><\/strong>dru\u017cynowa Jasmina Turlej<br>Miejsce zbi\u00f3rki: Orzeskie Centrum Mo\u017cliwo\u015bci<br>Poniedzia\u0142ek 17:30-19:15<br>Facebook:&nbsp;<a href=\"https:\/\/www.facebook.com\/profile.php?id=61551083250283\">18 Gromada Zuchowa \u201eLe\u015bne Skrzaty\u201d<\/a><\/p>\n\n\n\n<hr class=\"wp-block-separator has-alpha-channel-opacity is-style-default\"\/>\n\n\n\n<h4 class=\"wp-block-heading has-text-align-left\">Harcerze i Harcerze Starsi (10 &#8211; 16 lat)<\/h4>\n\n\n\n<h5 class=\"wp-block-heading\">Nasze dru\u017cyny harcerskie (10-13 lat):<\/h5>\n\n\n\n<p><\/p>\n\n\n\n<figure class=\"wp-block-image size-full is-resized\"><img loading=\"lazy\" decoding=\"async\" width=\"300\" height=\"300\" src=\"https:\/\/polana-orzesze.mikolow.zhp.pl\/wp-content\/uploads\/2025\/03\/harcerze-300x300-1.png\" alt=\"\" class=\"wp-image-156\" style=\"width:150px\" srcset=\"https:\/\/polana-orzesze.mikolow.zhp.pl\/wp-content\/uploads\/2025\/03\/harcerze-300x300-1.png 300w, https:\/\/polana-orzesze.mikolow.zhp.pl\/wp-content\/uploads\/2025\/03\/harcerze-300x300-1-150x150.png 150w\" sizes=\"auto, (max-width: 300px) 100vw, 300px\" \/><\/figure>\n\n\n\n<p><\/p>\n\n\n\n<p><strong>5 Dru\u017cyna Harcerska \u201eZahir\u201d<br><\/strong>z 2 Szczepu Harcerskiego \u201ePolana\u201d<strong><br><\/strong>dru\u017cynowa pwd. Michalina Bossard<br><em>michalina.bossard@zhp.pl<\/em><br>Miejsce zbi\u00f3rek: Orzeskie Centrum Mo\u017cliwo\u015bci<br>\u015aroda 18:00 \u2013 20:00<br>Facebook:&nbsp;<a href=\"https:\/\/www.facebook.com\/5dhzahir\">5 Dru\u017cyna Harcerska \u201eZahir\u201d<\/a><\/p>\n\n\n\n<p><strong>16 Dru\u017cyna Harcerska \u201eP\u0142omyki\u201d<br><\/strong>z 2 Szczepu Harcerskiego \u201ePolana\u201d<br>Dru\u017cynowa: sam. Emilia Giel<br>Miejsce zbi\u00f3rek: Orzeskie Centrum Mo\u017cliwo\u015bci<br>Czwartek 17:00 \u2013 19:00<br>Facebook:&nbsp;<a href=\"https:\/\/www.facebook.com\/PlomykiZHP\">16 Dru\u017cyna Harcerska \u201eP\u0142omyki\u201d<\/a><\/p>\n\n\n\n<h5 class=\"wp-block-heading\">Nasze dru\u017cyny starszoharcerskie (13 &#8211; 16 lat):<\/h5>\n\n\n\n<p><\/p>\n\n\n\n<figure class=\"wp-block-image size-full is-resized\"><img loading=\"lazy\" decoding=\"async\" width=\"568\" height=\"568\" src=\"https:\/\/polana-orzesze.mikolow.zhp.pl\/wp-content\/uploads\/2025\/03\/harcerzestarsi.png\" alt=\"\" class=\"wp-image-163\" style=\"width:150px\" srcset=\"https:\/\/polana-orzesze.mikolow.zhp.pl\/wp-content\/uploads\/2025\/03\/harcerzestarsi.png 568w, https:\/\/polana-orzesze.mikolow.zhp.pl\/wp-content\/uploads\/2025\/03\/harcerzestarsi-300x300.png 300w, https:\/\/polana-orzesze.mikolow.zhp.pl\/wp-content\/uploads\/2025\/03\/harcerzestarsi-150x150.png 150w\" sizes=\"auto, (max-width: 568px) 100vw, 568px\" \/><\/figure>\n\n\n\n<p><\/p>\n\n\n\n<p><strong>3 Dru\u017cyna Starszoharcerska \u201e\u015awierszcze\u201d<br><\/strong>z 2 Szczepu Harcerskiego \u201ePolana\u201d<strong><br><\/strong>dru\u017cynowy pwd. Kacper Szyszka<br><em>kacper.szyszka@zhp.pl<br><\/em>Miejsce zbi\u00f3rek: Orzeskie Centrum Mo\u017cliwo\u015bci<br>Sobota 9:00-11:00<br>Facebook:&nbsp;<a href=\"https:\/\/www.facebook.com\/swierszczeZHP\">3 Dru\u017cyna Starszoharcerska \u201e\u015awierszcze\u201d<\/a><\/p>\n\n\n\n<hr class=\"wp-block-separator has-alpha-channel-opacity is-style-default\"\/>\n\n\n\n<h4 class=\"wp-block-heading\">W\u0119drownicy ( 16 \u2013 21 lat )<\/h4>\n\n\n\n<p><\/p>\n\n\n\n<figure class=\"wp-block-image size-full is-resized\"><img loading=\"lazy\" decoding=\"async\" width=\"150\" height=\"150\" src=\"https:\/\/polana-orzesze.mikolow.zhp.pl\/wp-content\/uploads\/2025\/03\/wedrownicy-150x150-1.png\" alt=\"\" class=\"wp-image-157\" style=\"width:150px\"\/><\/figure>\n\n\n\n<p><\/p>\n\n\n\n<p><strong>Patrol W\u0119drowniczy ,,Potem\u201d z 3 DSH \u015awierszcze<br><\/strong>z 2 Szczepu Harcerskiego \u201ePolana\u201d<br>dru\u017cynowy Fabian Turlej<br>Zbi\u00f3rki odbywaj\u0105 si\u0119 w dwa pi\u0105tki miesi\u0105ca wybrane przez cz\u0142onk\u00f3w patrolu.<br>Facebook:&nbsp;<a href=\"https:\/\/www.facebook.com\/profile.php?id=61552516281829\">Patrol W\u0119drowniczy \u201ePotem\u201d<\/a><\/p>\n","protected":false},"excerpt":{"rendered":"<p>Zuchy (6 &#8211; 10 lat) 15 Gromada Zuchowa \u201eObro\u0144cy Smerfnych Tajemnic\u201dz 2 Szczepu Harcerskiego \u201ePolana\u201ddru\u017cynowa pwd. Agnieszka Tabackaagnieszka.tabacka@zhp.net.plMiejsce zbi\u00f3rek: Orzeskie Centrum Mo\u017cliwo\u015bciWtorek 17:30-19:15Facebook:&nbsp;15 Gromada Zuchowa \u201eObro\u0144cy Smerfnych Tajemnic\u201d 18 Gromada [&#8230;]<\/p>\n","protected":false},"author":1,"featured_media":0,"parent":0,"menu_order":0,"comment_status":"closed","ping_status":"closed","template":"","meta":{"footnotes":""},"class_list":["post-14","page","type-page","status-publish","hentry"],"_links":{"self":[{"href":"https:\/\/polana-orzesze.mikolow.zhp.pl\/index.php\/wp-json\/wp\/v2\/pages\/14","targetHints":{"allow":["GET"]}}],"collection":[{"href":"https:\/\/polana-orzesze.mikolow.zhp.pl\/index.php\/wp-json\/wp\/v2\/pages"}],"about":[{"href":"https:\/\/polana-orzesze.mikolow.zhp.pl\/index.php\/wp-json\/wp\/v2\/types\/page"}],"author":[{"embeddable":true,"href":"https:\/\/polana-orzesze.mikolow.zhp.pl\/index.php\/wp-json\/wp\/v2\/users\/1"}],"replies":[{"embeddable":true,"href":"https:\/\/polana-orzesze.mikolow.zhp.pl\/index.php\/wp-json\/wp\/v2\/comments?post=14"}],"version-history":[{"count":6,"href":"https:\/\/polana-orzesze.mikolow.zhp.pl\/index.php\/wp-json\/wp\/v2\/pages\/14\/revisions"}],"predecessor-version":[{"id":164,"href":"https:\/\/polana-orzesze.mikolow.zhp.pl\/index.php\/wp-json\/wp\/v2\/pages\/14\/revisions\/164"}],"wp:attachment":[{"href":"https:\/\/polana-orzesze.mikolow.zhp.pl\/index.php\/wp-json\/wp\/v2\/media?parent=14"}],"curies":[{"name":"wp","href":"https:\/\/api.w.org\/{rel}","templated":true}]}}